{"id":583,"date":"2020-01-27T06:33:07","date_gmt":"2020-01-27T06:33:07","guid":{"rendered":"https:\/\/duplexo.cymolthemes.com\/?page_id=583"},"modified":"2025-06-20T13:40:19","modified_gmt":"2025-06-20T11:40:19","slug":"about-us-2","status":"publish","type":"page","link":"https:\/\/remomal.pl\/index.php\/about-us-2\/","title":{"rendered":"O nas"},"content":{"rendered":"\t\t<div data-elementor-type=\"wp-page\" data-elementor-id=\"583\" class=\"elementor elementor-583\">\n\t\t\t\t\t\t<section class=\"elementor-section elementor-top-section elementor-element elementor-element-1a8a8408 cmt-column-break-ipad-yes elementor-section-stretched cmt-col-stretched-none elementor-section-boxed elementor-section-height-default elementor-section-height-default\" data-id=\"1a8a8408\" data-element_type=\"section\" data-settings=\"{&quot;stretch_section&quot;:&quot;section-stretched&quot;,&quot;background_background&quot;:&quot;classic&quot;}\">\n\t\t\t\t\t\t<div class=\"elementor-container elementor-column-gap-default\">\n\t\t\t\t\t<div class=\"elementor-column elementor-col-50 elementor-top-column elementor-element elementor-element-311e5452\" data-id=\"311e5452\" data-element_type=\"column\">\n\t\t\t<div class=\"elementor-widget-wrap elementor-element-populated\">\n\t\t\t\t\t\t<div class=\"elementor-element elementor-element-d2bf48d elementor-widget elementor-widget-image\" data-id=\"d2bf48d\" data-element_type=\"widget\" data-widget_type=\"image.default\">\n\t\t\t\t<div class=\"elementor-widget-container\">\n\t\t\t\t\t\t\t\t\t\t\t\t\t\t\t<img fetchpriority=\"high\" decoding=\"async\" width=\"500\" height=\"610\" src=\"https:\/\/remomal.pl\/wp-content\/uploads\/2025\/06\/1.png\" class=\"attachment-full size-full wp-image-3200\" alt=\"\" srcset=\"https:\/\/remomal.pl\/wp-content\/uploads\/2025\/06\/1.png 500w, https:\/\/remomal.pl\/wp-content\/uploads\/2025\/06\/1-246x300.png 246w\" sizes=\"(max-width: 500px) 100vw, 500px\" data-id=\"3200\" \/>\t\t\t\t\t\t\t\t\t\t\t\t\t\t\t<\/div>\n\t\t\t\t<\/div>\n\t\t\t\t\t<\/div>\n\t\t<\/div>\n\t\t\t\t<div class=\"elementor-column elementor-col-50 elementor-top-column elementor-element elementor-element-22ba87d7\" data-id=\"22ba87d7\" data-element_type=\"column\">\n\t\t\t<div class=\"elementor-widget-wrap elementor-element-populated\">\n\t\t\t\t\t\t<div class=\"elementor-element elementor-element-7c285c8 cmt-align-left elementor-widget elementor-widget-cmt_heading\" data-id=\"7c285c8\" data-element_type=\"widget\" data-widget_type=\"cmt_heading.default\">\n\t\t\t\t<div class=\"elementor-widget-container\">\n\t\t\t\t\t<div class=\"cmt-element-heading-content-wrapper left-align cmt-reverse-heading-yes cmt-seperator-none cmt-content-with-desc cmt-heading-style-vertical \"><div class=\"cmt-content-header\"><h4 class=\"cmt-element-subheading cmt-custom-heading \">\n\t\t\t\tO nas \n\t\t\t<\/h4>\n\t\t<h2 class=\"cmt-element-content-heading cmt-custom-heading \">\n\t\t\t\tReno Mal \n\t\t\t<\/h2>\n\t\t<div class=\"heading-seperator\"><span><\/span><\/div><\/div><div class=\"cmt-element-content-desctxt\">Remo Mal to firma stworzona z pasji do solidnego i estetycznego wyka\u0144czania wn\u0119trz. Od lat z powodzeniem realizujemy projekty na terenie ca\u0142ej Polski \u2013 od mieszka\u0144 i dom\u00f3w prywatnych, po przestrzenie komercyjne i obiekty przemys\u0142owe.\n<br>\nSpecjalizujemy si\u0119 w malowaniu wn\u0119trz, zabudowach z p\u0142yt karton-gips, monta\u017cu sufit\u00f3w podwieszanych oraz wykonywaniu g\u0142adzi. Nasz zesp\u00f3\u0142 tworz\u0105 do\u015bwiadczeni fachowcy, kt\u00f3rzy \u0142\u0105cz\u0105 precyzj\u0119 wykonania z terminowo\u015bci\u0105 i wysok\u0105 kultur\u0105 pracy.\n<br>\nKa\u017cde zlecenie traktujemy indywidualnie \u2013 dostosowujemy si\u0119 do potrzeb klienta, doradzamy najlepsze rozwi\u0105zania i dbamy o ka\u017cdy detal. Pracujemy na sprawdzonych materia\u0142ach i nowoczesnym sprz\u0119cie, co pozwala nam realizowa\u0107 zlecenia sprawnie, czysto i z najwy\u017csz\u0105 jako\u015bci\u0105.\n<br>\nZaufaj do\u015bwiadczeniu i rzetelno\u015bci \u2013 wybierz Remo Mal i przekonaj si\u0119, \u017ce remont czy wyko\u0144czenie wn\u0119trza mo\u017ce by\u0107 bezproblemowe i satysfakcjonuj\u0105ce.<\/div><\/div>\t\t\t\t<\/div>\n\t\t\t\t<\/div>\n\t\t\t\t\t<\/div>\n\t\t<\/div>\n\t\t\t\t\t<\/div>\n\t\t<\/section>\n\t\t\t\t<section class=\"elementor-section elementor-top-section elementor-element elementor-element-bafee7f cmt-column-break-ipad-yes elementor-section-stretched tm-padding-default-laptop cmt-bgcolor-white cmt-col-stretched-none elementor-section-boxed elementor-section-height-default elementor-section-height-default\" data-id=\"bafee7f\" data-element_type=\"section\" data-settings=\"{&quot;stretch_section&quot;:&quot;section-stretched&quot;}\">\n\t\t\t\t\t\t<div class=\"elementor-container elementor-column-gap-default\">\n\t\t\t\t\t<div class=\"elementor-column elementor-col-50 elementor-top-column elementor-element elementor-element-20c95fd0\" data-id=\"20c95fd0\" data-element_type=\"column\">\n\t\t\t<div class=\"elementor-widget-wrap elementor-element-populated\">\n\t\t\t\t\t\t<div class=\"elementor-element elementor-element-56e57391 cmt-align-left elementor-widget elementor-widget-cmt_heading\" data-id=\"56e57391\" data-element_type=\"widget\" data-widget_type=\"cmt_heading.default\">\n\t\t\t\t<div class=\"elementor-widget-container\">\n\t\t\t\t\t<div class=\"cmt-element-heading-content-wrapper left-align cmt-reverse-heading-yes cmt-seperator-none  cmt-heading-style-vertical \"><div class=\"cmt-content-header\"><h4 class=\"cmt-element-subheading cmt-custom-heading \">\n\t\t\t\tO firmie \n\t\t\t<\/h4>\n\t\t<h2 class=\"cmt-element-content-heading cmt-custom-heading \">\n\t\t\t\tPoprawiamy jako\u015b\u0107 Twoich wn\u0119trz \u2013 dzia\u0142amy profesjonalnie\n\t\t\t<\/h2>\n\t\t<div class=\"heading-seperator\"><span><\/span><\/div><\/div><\/div>\t\t\t\t<\/div>\n\t\t\t\t<\/div>\n\t\t\t\t<div class=\"elementor-element elementor-element-334812cc elementor-widget elementor-widget-cmt_icon_heading\" data-id=\"334812cc\" data-element_type=\"widget\" data-widget_type=\"cmt_icon_heading.default\">\n\t\t\t\t<div class=\"elementor-widget-container\">\n\t\t\t\t\t\n<div class=\"cymolthemes-iconbox cymolthemes-iconbox-styletwo  cymolthemes-iconcolor-skincolor cymolthemes-icon-bgcolor-none cmt-iconstyle-none cymolthemes-iconsize-default\">\n\n<div class=\"cymolthemes-iconbox-inner cmt-icontype-text\">\n\t\t<div class=\"cmt-iconbox-wrapper cmt-section-wrapper\">\n\t\t\t<div class=\"cymolthemes-iconbox-icon cmt-section-wrapper-cell\">\n\t\t\t<div class=\"cmt-icon-type-text\">01<\/div>\t\t\t<\/div>\n\t\t\t<div class=\"cymolthemes-iconbox-heading cmt-section-wrapper-cell\">\n\t\t\t\t<h2 class=\"cmt-custom-heading\">\n\t\t\t\t\t\n\t\t\t\t\t\tKompleksowe wyko\u0144czenia wn\u0119trz\n\t\t\t\t\t\n\t\t\t\t\t<\/h2>\n\t\t\t\t\t\t\t\t\t\t\t\t<div class=\"cmt-cta3-content-wrapper\">Realizujemy projekty od stanu surowego po finalne wyko\u0144czenie. Malowanie, g\u0142adzie, zabudowy GK, sufity \u2013 wszystko w jednej ekipie.<\/div>\t\t\t\t\t\t\t<\/div>\t\n\t\t<\/div>\n\t<\/div>\t\n\n<\/div>\n\t\t\t\t<\/div>\n\t\t\t\t<\/div>\n\t\t\t\t<div class=\"elementor-element elementor-element-1c8e03b4 elementor-widget-divider--view-line elementor-widget elementor-widget-divider\" data-id=\"1c8e03b4\" data-element_type=\"widget\" data-widget_type=\"divider.default\">\n\t\t\t\t<div class=\"elementor-widget-container\">\n\t\t\t\t\t\t\t<div class=\"elementor-divider\">\n\t\t\t<span class=\"elementor-divider-separator\">\n\t\t\t\t\t\t<\/span>\n\t\t<\/div>\n\t\t\t\t\t\t<\/div>\n\t\t\t\t<\/div>\n\t\t\t\t<div class=\"elementor-element elementor-element-3f037b09 elementor-widget elementor-widget-cmt_icon_heading\" data-id=\"3f037b09\" data-element_type=\"widget\" data-widget_type=\"cmt_icon_heading.default\">\n\t\t\t\t<div class=\"elementor-widget-container\">\n\t\t\t\t\t\n<div class=\"cymolthemes-iconbox cymolthemes-iconbox-styletwo  cymolthemes-iconcolor-skincolor cymolthemes-icon-bgcolor-none cmt-iconstyle-none cymolthemes-iconsize-default\">\n\n<div class=\"cymolthemes-iconbox-inner cmt-icontype-text\">\n\t\t<div class=\"cmt-iconbox-wrapper cmt-section-wrapper\">\n\t\t\t<div class=\"cymolthemes-iconbox-icon cmt-section-wrapper-cell\">\n\t\t\t<div class=\"cmt-icon-type-text\">02<\/div>\t\t\t<\/div>\n\t\t\t<div class=\"cymolthemes-iconbox-heading cmt-section-wrapper-cell\">\n\t\t\t\t<h2 class=\"cmt-custom-heading\">\n\t\t\t\t\t\n\t\t\t\t\t\tSprawdzone metody i materia\u0142y\n\t\t\t\t\t\n\t\t\t\t\t<\/h2>\n\t\t\t\t\t\t\t\t\t\t\t\t<div class=\"cmt-cta3-content-wrapper\">Korzystamy z nowoczesnych rozwi\u0105za\u0144 i technik, kt\u00f3re gwarantuj\u0105 trwa\u0142o\u015b\u0107, estetyk\u0119 i bezpiecze\u0144stwo u\u017cytkowania.\n<\/div>\t\t\t\t\t\t\t<\/div>\t\n\t\t<\/div>\n\t<\/div>\t\n\n<\/div>\n\t\t\t\t<\/div>\n\t\t\t\t<\/div>\n\t\t\t\t<div class=\"elementor-element elementor-element-5dded7f6 elementor-widget-divider--view-line elementor-widget elementor-widget-divider\" data-id=\"5dded7f6\" data-element_type=\"widget\" data-widget_type=\"divider.default\">\n\t\t\t\t<div class=\"elementor-widget-container\">\n\t\t\t\t\t\t\t<div class=\"elementor-divider\">\n\t\t\t<span class=\"elementor-divider-separator\">\n\t\t\t\t\t\t<\/span>\n\t\t<\/div>\n\t\t\t\t\t\t<\/div>\n\t\t\t\t<\/div>\n\t\t\t\t<div class=\"elementor-element elementor-element-721f9695 elementor-widget elementor-widget-cmt_icon_heading\" data-id=\"721f9695\" data-element_type=\"widget\" data-widget_type=\"cmt_icon_heading.default\">\n\t\t\t\t<div class=\"elementor-widget-container\">\n\t\t\t\t\t\n<div class=\"cymolthemes-iconbox cymolthemes-iconbox-styletwo  cymolthemes-iconcolor-skincolor cymolthemes-icon-bgcolor-none cmt-iconstyle-none cymolthemes-iconsize-default\">\n\n<div class=\"cymolthemes-iconbox-inner cmt-icontype-text\">\n\t\t<div class=\"cmt-iconbox-wrapper cmt-section-wrapper\">\n\t\t\t<div class=\"cymolthemes-iconbox-icon cmt-section-wrapper-cell\">\n\t\t\t<div class=\"cmt-icon-type-text\">03<\/div>\t\t\t<\/div>\n\t\t\t<div class=\"cymolthemes-iconbox-heading cmt-section-wrapper-cell\">\n\t\t\t\t<h2 class=\"cmt-custom-heading\">\n\t\t\t\t\t\n\t\t\t\t\t\tDo\u015bwiadczenie i elastyczno\u015b\u0107\n\t\t\t\t\t\n\t\t\t\t\t<\/h2>\n\t\t\t\t\t\t\t\t\t\t\t\t<div class=\"cmt-cta3-content-wrapper\">Ponad 10 lat na rynku, setki realizacji i podej\u015bcie dopasowane do potrzeb ka\u017cdego klienta \u2013 indywidualneg i biznesowego.\n<\/div>\t\t\t\t\t\t\t<\/div>\t\n\t\t<\/div>\n\t<\/div>\t\n\n<\/div>\n\t\t\t\t<\/div>\n\t\t\t\t<\/div>\n\t\t\t\t\t<\/div>\n\t\t<\/div>\n\t\t\t\t<div class=\"elementor-column elementor-col-50 elementor-top-column elementor-element elementor-element-71d62a96\" data-id=\"71d62a96\" data-element_type=\"column\">\n\t\t\t<div class=\"elementor-widget-wrap elementor-element-populated\">\n\t\t\t\t\t\t<div class=\"elementor-element elementor-element-507b4359 elementor-widget elementor-widget-image\" data-id=\"507b4359\" data-element_type=\"widget\" data-widget_type=\"image.default\">\n\t\t\t\t<div class=\"elementor-widget-container\">\n\t\t\t\t\t\t\t\t\t\t\t\t\t\t\t<img decoding=\"async\" width=\"500\" height=\"610\" src=\"https:\/\/remomal.pl\/wp-content\/uploads\/2025\/06\/3.png\" class=\"attachment-full size-full wp-image-3197\" alt=\"\" srcset=\"https:\/\/remomal.pl\/wp-content\/uploads\/2025\/06\/3.png 500w, https:\/\/remomal.pl\/wp-content\/uploads\/2025\/06\/3-246x300.png 246w\" sizes=\"(max-width: 500px) 100vw, 500px\" data-id=\"3197\" \/>\t\t\t\t\t\t\t\t\t\t\t\t\t\t\t<\/div>\n\t\t\t\t<\/div>\n\t\t\t\t\t<\/div>\n\t\t<\/div>\n\t\t\t\t\t<\/div>\n\t\t<\/section>\n\t\t\t\t<section class=\"elementor-section elementor-top-section elementor-element elementor-element-121976dd cmt-bgcolor-grey elementor-section-stretched cmt-column-break-ipad-yes cmt-col-stretched-none elementor-section-boxed elementor-section-height-default elementor-section-height-default\" data-id=\"121976dd\" data-element_type=\"section\" data-settings=\"{&quot;stretch_section&quot;:&quot;section-stretched&quot;}\">\n\t\t\t\t\t\t<div class=\"elementor-container elementor-column-gap-default\">\n\t\t\t\t\t<div class=\"elementor-column elementor-col-100 elementor-top-column elementor-element elementor-element-49fef377\" data-id=\"49fef377\" data-element_type=\"column\">\n\t\t\t<div class=\"elementor-widget-wrap elementor-element-populated\">\n\t\t\t\t\t\t<div class=\"elementor-element elementor-element-714391e8 cmt-align-center elementor-widget elementor-widget-cmt_heading\" data-id=\"714391e8\" data-element_type=\"widget\" data-widget_type=\"cmt_heading.default\">\n\t\t\t\t<div class=\"elementor-widget-container\">\n\t\t\t\t\t<div class=\"cmt-element-heading-content-wrapper center-align cmt-reverse-heading-yes cmt-seperator-solid  cmt-heading-style-vertical \"><div class=\"cmt-content-header\"><h4 class=\"cmt-element-subheading cmt-custom-heading \">\n\t\t\t\tOpinie \n\t\t\t<\/h4>\n\t\t<h2 class=\"cmt-element-content-heading cmt-custom-heading \">\n\t\t\t\tCo m\u00f3wi\u0105 o Nas klienci \n\t\t\t<\/h2>\n\t\t<div class=\"heading-seperator\"><span><\/span><\/div><\/div><\/div>\t\t\t\t<\/div>\n\t\t\t\t<\/div>\n\t\t\t\t<div class=\"elementor-element elementor-element-1d828fb4 cmt-align-center elementor-widget elementor-widget-cmt_testimonial_element\" data-id=\"1d828fb4\" data-element_type=\"widget\" data-widget_type=\"cmt_testimonial_element.default\">\n\t\t\t\t<div class=\"elementor-widget-container\">\n\t\t\t\t\t<div class=\"cymolthemes-boxes cymolthemes-boxes-testimonial cymolthemes-element-testimonialbox-styleone cymolthemes-boxes-view-carousel cymolthemes-boxes-col-two tm-boxes-carousel-arrow- tm-boxes-carousel-arrows-0 cymolthemes-boxes-textalign-center cymolthemes-boxes-spacing-30px\" data-cmt-show=\"3\" data-cmt-sboxloop=\"1\" data-cmt-sboxcentermode=\"0\" data-cmt-sboxnav=\"\" data-cmt-sboxdots=\"1\" data-cmt-sboxautoplayspeed=\"4500\" data-cmt-sboxmargin=\"30px\"><div class=\"cymolthemes-boxes-inner\">\n\t\t\t<div class=\"cymolthemes-box-heading-wrapper \">\n\t\t\t\t<div class=\"cmt-element-heading-content-wrapper center-align cmt-reverse-heading-yes cmt-seperator-none  cmt-heading-style-vertical \"><div class=\"cmt-content-header\"><h2 class=\"cmt-element-content-heading cmt-custom-heading \">\n\t\t\t\t\n\n\t\t\t<\/h2>\n\t\t<div class=\"heading-seperator\"><span><\/span><\/div><\/div><\/div>\t\t\t<\/div>\n\n\t\t\t<div class=\"cymolthemes-boxes-row-wrapper row multi-columns-row\">\n\n\t\t\t<div class=\"cmt-sboxbox-col-wrapper  long-desc col-lg-6 col-sm-6 col-md-6 col-xs-12\"><article class=\"cymolthemes-box cymolthemes-box-testimonial cymolthemes-testimonialbox-styleone\">\n\t<div class=\"cymolthemes-post-item\">\n\t\t<div class=\"cymolthemes-box-content\">\n\t\t\t<div class=\"cymolthemes-box-author\">\n\t\t\t\t<div class=\"cymolthemes-box-img\"><span class=\"cymolthemes-icon-box\"><i class=\"demo-icon cmt-duplexo-icon-quote-left\"><\/i><\/span><\/div>\n\t\t\t\t<div class=\"cymolthemes-box-title\"><h3 class=\"cymolthemes-author-name\">Andrzej<\/h3><span class=\"cymolthemes-box-footer\">Sales Manager<\/span><\/div>\n\t\t\t<\/div>\n\t\t\t<div class=\"cymolthemes-box-desc\">\n\t\t\t\t<blockquote class=\"cymolthemes-testimonial-text\">Profesjonalna ekipa, \u015bwietny kontakt i naprawd\u0119 solidne wykonanie. Sufity podwieszane i zabudowy karton-gips wykonane perfekcyjnie. B\u0119d\u0119 wraca\u0142 przy kolejnych zleceniach.<\/blockquote>\n\t\t\t<\/div>\t\t\t\t\n\t\t<\/div>\n\t<\/div>\n<\/article><\/div><div class=\"cmt-sboxbox-col-wrapper  long-desc col-lg-6 col-sm-6 col-md-6 col-xs-12\"><article class=\"cymolthemes-box cymolthemes-box-testimonial cymolthemes-testimonialbox-styleone\">\n\t<div class=\"cymolthemes-post-item\">\n\t\t<div class=\"cymolthemes-box-content\">\n\t\t\t<div class=\"cymolthemes-box-author\">\n\t\t\t\t<div class=\"cymolthemes-box-img\"><span class=\"cymolthemes-icon-box\"><i class=\"demo-icon cmt-duplexo-icon-quote-left\"><\/i><\/span><\/div>\n\t\t\t\t<div class=\"cymolthemes-box-title\"><h3 class=\"cymolthemes-author-name\">Anna<\/h3><span class=\"cymolthemes-box-footer\">Engineer<\/span><\/div>\n\t\t\t<\/div>\n\t\t\t<div class=\"cymolthemes-box-desc\">\n\t\t\t\t<blockquote class=\"cymolthemes-testimonial-text\">Zleci\u0142am Remo Mal wyko\u0144czenie mieszkania pod klucz i jestem bardzo zadowolona. Wszystko zrobione terminowo, czysto i zgodnie z ustaleniami. Polecam ka\u017cdemu, kto ceni sobie jako\u015b\u0107!<\/blockquote>\n\t\t\t<\/div>\t\t\t\t\n\t\t<\/div>\n\t<\/div>\n<\/article><\/div><div class=\"cmt-sboxbox-col-wrapper  long-desc col-lg-6 col-sm-6 col-md-6 col-xs-12\"><article class=\"cymolthemes-box cymolthemes-box-testimonial cymolthemes-testimonialbox-styleone\">\n\t<div class=\"cymolthemes-post-item\">\n\t\t<div class=\"cymolthemes-box-content\">\n\t\t\t<div class=\"cymolthemes-box-author\">\n\t\t\t\t<div class=\"cymolthemes-box-img\"><span class=\"cymolthemes-icon-box\"><i class=\"demo-icon cmt-duplexo-icon-quote-left\"><\/i><\/span><\/div>\n\t\t\t\t<div class=\"cymolthemes-box-title\"><h3 class=\"cymolthemes-author-name\">Tomasz<\/h3><span class=\"cymolthemes-box-footer\">Site Manager<\/span><\/div>\n\t\t\t<\/div>\n\t\t\t<div class=\"cymolthemes-box-desc\">\n\t\t\t\t<blockquote class=\"cymolthemes-testimonial-text\">Remo Mal zrobi\u0142o kapitalny remont naszego biura. Fachowcy z do\u015bwiadczeniem, elastyczni i bardzo dok\u0142adni. Wsp\u00f3\u0142praca przebieg\u0142a bezproblemowo od pocz\u0105tku do ko\u0144ca<\/blockquote>\n\t\t\t<\/div>\t\t\t\t\n\t\t<\/div>\n\t<\/div>\n<\/article><\/div>\n\t\t\t<\/div>\n\n\t\t\t<\/div><\/div>\t\t\t\t<\/div>\n\t\t\t\t<\/div>\n\t\t\t\t\t<\/div>\n\t\t<\/div>\n\t\t\t\t\t<\/div>\n\t\t<\/section>\n\t\t\t\t<\/div>\n\t\t","protected":false},"excerpt":{"rendered":"<p>O nas Reno Mal Remo Mal to firma stworzona z pasji do solidnego i estetycznego wyka\u0144czania wn\u0119trz. Od lat z powodzeniem realizujemy projekty na terenie ca\u0142ej Polski \u2013 od mieszka\u0144 i dom\u00f3w prywatnych, po przestrzenie komercyjne i obiekty przemys\u0142owe. Specjalizujemy si\u0119 w malowaniu wn\u0119trz, zabudowach z p\u0142yt karton-gips, monta\u017cu sufit\u00f3w podwieszanych oraz wykonywaniu g\u0142adzi. Nasz &hellip; <a href=\"https:\/\/remomal.pl\/index.php\/testimonial\/alex-john\/\" class=\"more-link\">Continue reading <span class=\"screen-reader-text\">Tomasz<\/span><\/a><\/p>\n","protected":false},"author":1,"featured_media":0,"parent":0,"menu_order":6,"comment_status":"closed","ping_status":"closed","template":"","meta":{"footnotes":""},"class_list":["post-583","page","type-page","status-publish","hentry"],"_links":{"self":[{"href":"https:\/\/remomal.pl\/index.php\/wp-json\/wp\/v2\/pages\/583","targetHints":{"allow":["GET"]}}],"collection":[{"href":"https:\/\/remomal.pl\/index.php\/wp-json\/wp\/v2\/pages"}],"about":[{"href":"https:\/\/remomal.pl\/index.php\/wp-json\/wp\/v2\/types\/page"}],"author":[{"embeddable":true,"href":"https:\/\/remomal.pl\/index.php\/wp-json\/wp\/v2\/users\/1"}],"replies":[{"embeddable":true,"href":"https:\/\/remomal.pl\/index.php\/wp-json\/wp\/v2\/comments?post=583"}],"version-history":[{"count":19,"href":"https:\/\/remomal.pl\/index.php\/wp-json\/wp\/v2\/pages\/583\/revisions"}],"predecessor-version":[{"id":3294,"href":"https:\/\/remomal.pl\/index.php\/wp-json\/wp\/v2\/pages\/583\/revisions\/3294"}],"wp:attachment":[{"href":"https:\/\/remomal.pl\/index.php\/wp-json\/wp\/v2\/media?parent=583"}],"curies":[{"name":"wp","href":"https:\/\/api.w.org\/{rel}","templated":true}]}}