{"id":680,"date":"2020-01-27T09:38:13","date_gmt":"2020-01-27T09:38:13","guid":{"rendered":"https:\/\/duplexo.cymolthemes.com\/?page_id=680"},"modified":"2025-06-27T10:49:07","modified_gmt":"2025-06-27T08:49:07","slug":"services-1","status":"publish","type":"page","link":"https:\/\/remomal.pl\/index.php\/services-1\/","title":{"rendered":"Oferta"},"content":{"rendered":"\t\t<div data-elementor-type=\"wp-page\" data-elementor-id=\"680\" class=\"elementor elementor-680\">\n\t\t\t\t\t\t<section class=\"elementor-section elementor-top-section elementor-element elementor-element-3babfbf1 cmt-column-break-ipad-yes cmt-bgcolor-white elementor-section-stretched tm-padding-default-laptop cmt-col-stretched-none elementor-section-boxed elementor-section-height-default elementor-section-height-default\" data-id=\"3babfbf1\" data-element_type=\"section\" data-settings=\"{&quot;stretch_section&quot;:&quot;section-stretched&quot;}\">\n\t\t\t\t\t\t<div class=\"elementor-container elementor-column-gap-default\">\n\t\t\t\t\t<div class=\"elementor-column elementor-col-50 elementor-top-column elementor-element elementor-element-6add83aa\" data-id=\"6add83aa\" data-element_type=\"column\">\n\t\t\t<div class=\"elementor-widget-wrap elementor-element-populated\">\n\t\t\t\t\t\t<div class=\"elementor-element elementor-element-6ed3c61d elementor-widget elementor-widget-image\" data-id=\"6ed3c61d\" data-element_type=\"widget\" data-widget_type=\"image.default\">\n\t\t\t\t<div class=\"elementor-widget-container\">\n\t\t\t\t\t\t\t\t\t\t\t\t\t\t\t<img fetchpriority=\"high\" decoding=\"async\" width=\"500\" height=\"610\" src=\"https:\/\/remomal.pl\/wp-content\/uploads\/2025\/06\/2.png\" class=\"attachment-full size-full wp-image-3198\" alt=\"\" srcset=\"https:\/\/remomal.pl\/wp-content\/uploads\/2025\/06\/2.png 500w, https:\/\/remomal.pl\/wp-content\/uploads\/2025\/06\/2-246x300.png 246w\" sizes=\"(max-width: 500px) 100vw, 500px\" data-id=\"3198\" \/>\t\t\t\t\t\t\t\t\t\t\t\t\t\t\t<\/div>\n\t\t\t\t<\/div>\n\t\t\t\t\t<\/div>\n\t\t<\/div>\n\t\t\t\t<div class=\"elementor-column elementor-col-50 elementor-top-column elementor-element elementor-element-15f594e0\" data-id=\"15f594e0\" data-element_type=\"column\">\n\t\t\t<div class=\"elementor-widget-wrap elementor-element-populated\">\n\t\t\t\t\t\t<div class=\"elementor-element elementor-element-513b7a2c cmt-align-left elementor-widget elementor-widget-cmt_heading\" data-id=\"513b7a2c\" data-element_type=\"widget\" data-widget_type=\"cmt_heading.default\">\n\t\t\t\t<div class=\"elementor-widget-container\">\n\t\t\t\t\t<div class=\"cmt-element-heading-content-wrapper left-align cmt-reverse-heading-yes cmt-seperator-none cmt-content-with-desc cmt-heading-style-vertical \"><div class=\"cmt-content-header\"><h4 class=\"cmt-element-subheading cmt-custom-heading \">\n\t\t\t\toferta \n\t\t\t<\/h4>\n\t\t<h2 class=\"cmt-element-content-heading cmt-custom-heading \">\n\t\t\t\tZapoznaj si\u0119 z Nasz\u0105 ofert\u0105:\n\t\t\t<\/h2>\n\t\t<div class=\"heading-seperator\"><span><\/span><\/div><\/div><div class=\"cmt-element-content-desctxt\">Od ma\u0142ych mieszka\u0144 po du\u017ce inwestycje \u2013 realizujemy prace wyko\u0144czeniowe z pe\u0142nym zaanga\u017cowaniem, precyzj\u0105 i terminowo\u015bci\u0105. Korzystamy ze sprawdzonych materia\u0142\u00f3w i dzia\u0142amy z do\u015bwiadczon\u0105 ekip\u0105. Sprawd\u017a, co mo\u017cemy dla Ciebie zrobi\u0107:<\/div><\/div>\t\t\t\t<\/div>\n\t\t\t\t<\/div>\n\t\t\t\t<div class=\"elementor-element elementor-element-255423da elementor-widget elementor-widget-cmt_icon_heading\" data-id=\"255423da\" data-element_type=\"widget\" data-widget_type=\"cmt_icon_heading.default\">\n\t\t\t\t<div class=\"elementor-widget-container\">\n\t\t\t\t\t\n<div class=\"cymolthemes-iconbox cymolthemes-iconbox-styletwo  cymolthemes-iconcolor-default cymolthemes-icon-bgcolor-none cmt-iconstyle-none cymolthemes-iconsize-default\">\n\n<div class=\"cymolthemes-iconbox-inner cmt-icontype-icon\">\n\t\t<div class=\"cmt-iconbox-wrapper cmt-section-wrapper\">\n\t\t\t<div class=\"cymolthemes-iconbox-icon cmt-section-wrapper-cell\">\n\t\t\t<div class=\"cmt-box-icon\"><i class=\"\"><\/i><\/div>\t\t\t<\/div>\n\t\t\t<div class=\"cymolthemes-iconbox-heading cmt-section-wrapper-cell\">\n\t\t\t\t<h2 class=\"cmt-custom-heading\">\n\t\t\t\t\t\n\t\t\t\t\t\t01- Malowanie wn\u0119trz \n\t\t\t\t\t\n\t\t\t\t\t<\/h2>\n\t\t\t\t\t\t\t\t\t\t\t\t<div class=\"cmt-cta3-content-wrapper\">Precyzyjne malowanie \u015bcian i sufit\u00f3w w mieszkaniach, domach, lokalach i halach. Doradzamy w doborze farb i dbamy o czysto\u015b\u0107 podczas prac.<\/div>\t\t\t\t\t\t\t<\/div>\t\n\t\t<\/div>\n\t<\/div>\t\n\n<\/div>\n\t\t\t\t<\/div>\n\t\t\t\t<\/div>\n\t\t\t\t<div class=\"elementor-element elementor-element-6b61ad2e elementor-widget-divider--view-line elementor-widget elementor-widget-divider\" data-id=\"6b61ad2e\" data-element_type=\"widget\" data-widget_type=\"divider.default\">\n\t\t\t\t<div class=\"elementor-widget-container\">\n\t\t\t\t\t\t\t<div class=\"elementor-divider\">\n\t\t\t<span class=\"elementor-divider-separator\">\n\t\t\t\t\t\t<\/span>\n\t\t<\/div>\n\t\t\t\t\t\t<\/div>\n\t\t\t\t<\/div>\n\t\t\t\t<div class=\"elementor-element elementor-element-1b0ac4b4 elementor-widget elementor-widget-cmt_icon_heading\" data-id=\"1b0ac4b4\" data-element_type=\"widget\" data-widget_type=\"cmt_icon_heading.default\">\n\t\t\t\t<div class=\"elementor-widget-container\">\n\t\t\t\t\t\n<div class=\"cymolthemes-iconbox cymolthemes-iconbox-styletwo  cymolthemes-iconcolor-default cymolthemes-icon-bgcolor-none cmt-iconstyle-none cymolthemes-iconsize-default\">\n\n<div class=\"cymolthemes-iconbox-inner cmt-icontype-icon\">\n\t\t<div class=\"cmt-iconbox-wrapper cmt-section-wrapper\">\n\t\t\t<div class=\"cymolthemes-iconbox-icon cmt-section-wrapper-cell\">\n\t\t\t<div class=\"cmt-box-icon\"><i class=\"\"><\/i><\/div>\t\t\t<\/div>\n\t\t\t<div class=\"cymolthemes-iconbox-heading cmt-section-wrapper-cell\">\n\t\t\t\t<h2 class=\"cmt-custom-heading\">\n\t\t\t\t\t\n\t\t\t\t\t\t02 \u2013 Zabudowy karton-gips\n\t\t\t\t\t\n\t\t\t\t\t<\/h2>\n\t\t\t\t\t\t\t\t\t\t\t\t<div class=\"cmt-cta3-content-wrapper\">Tworzymy lekkie konstrukcje: \u015bcianki dzia\u0142owe, sufity, wn\u0119ki i zabudowy dekoracyjne z p\u0142yt GK. Solidne i estetyczne wyko\u0144czenie.\n<\/div>\t\t\t\t\t\t\t<\/div>\t\n\t\t<\/div>\n\t<\/div>\t\n\n<\/div>\n\t\t\t\t<\/div>\n\t\t\t\t<\/div>\n\t\t\t\t<div class=\"elementor-element elementor-element-10b77b7a elementor-widget-divider--view-line elementor-widget elementor-widget-divider\" data-id=\"10b77b7a\" data-element_type=\"widget\" data-widget_type=\"divider.default\">\n\t\t\t\t<div class=\"elementor-widget-container\">\n\t\t\t\t\t\t\t<div class=\"elementor-divider\">\n\t\t\t<span class=\"elementor-divider-separator\">\n\t\t\t\t\t\t<\/span>\n\t\t<\/div>\n\t\t\t\t\t\t<\/div>\n\t\t\t\t<\/div>\n\t\t\t\t<div class=\"elementor-element elementor-element-2dabd80c elementor-widget elementor-widget-cmt_icon_heading\" data-id=\"2dabd80c\" data-element_type=\"widget\" data-widget_type=\"cmt_icon_heading.default\">\n\t\t\t\t<div class=\"elementor-widget-container\">\n\t\t\t\t\t\n<div class=\"cymolthemes-iconbox cymolthemes-iconbox-styletwo  cymolthemes-iconcolor-default cymolthemes-icon-bgcolor-none cmt-iconstyle-none cymolthemes-iconsize-default\">\n\n<div class=\"cymolthemes-iconbox-inner cmt-icontype-icon\">\n\t\t<div class=\"cmt-iconbox-wrapper cmt-section-wrapper\">\n\t\t\t<div class=\"cymolthemes-iconbox-icon cmt-section-wrapper-cell\">\n\t\t\t<div class=\"cmt-box-icon\"><i class=\"\"><\/i><\/div>\t\t\t<\/div>\n\t\t\t<div class=\"cymolthemes-iconbox-heading cmt-section-wrapper-cell\">\n\t\t\t\t<h2 class=\"cmt-custom-heading\">\n\t\t\t\t\t\n\t\t\t\t\t\t03 - Sufity podwieszane \n\t\t\t\t\t\n\t\t\t\t\t<\/h2>\n\t\t\t\t\t\t\t\t\t\t\t\t<div class=\"cmt-cta3-content-wrapper\">Monta\u017c sufit\u00f3w podwieszanych, r\u00f3wnie\u017c z o\u015bwietleniem LED. Estetyczne wyko\u0144czenie i funkcjonalno\u015b\u0107 w jednym.<\/div>\t\t\t\t\t\t\t<\/div>\t\n\t\t<\/div>\n\t<\/div>\t\n\n<\/div>\n\t\t\t\t<\/div>\n\t\t\t\t<\/div>\n\t\t\t\t<div class=\"elementor-element elementor-element-73ffbb9 elementor-widget-divider--view-line elementor-widget elementor-widget-divider\" data-id=\"73ffbb9\" data-element_type=\"widget\" data-widget_type=\"divider.default\">\n\t\t\t\t<div class=\"elementor-widget-container\">\n\t\t\t\t\t\t\t<div class=\"elementor-divider\">\n\t\t\t<span class=\"elementor-divider-separator\">\n\t\t\t\t\t\t<\/span>\n\t\t<\/div>\n\t\t\t\t\t\t<\/div>\n\t\t\t\t<\/div>\n\t\t\t\t<div class=\"elementor-element elementor-element-64a9123 elementor-widget elementor-widget-cmt_icon_heading\" data-id=\"64a9123\" data-element_type=\"widget\" data-widget_type=\"cmt_icon_heading.default\">\n\t\t\t\t<div class=\"elementor-widget-container\">\n\t\t\t\t\t\n<div class=\"cymolthemes-iconbox cymolthemes-iconbox-styletwo  cymolthemes-iconcolor-default cymolthemes-icon-bgcolor-none cmt-iconstyle-none cymolthemes-iconsize-default\">\n\n<div class=\"cymolthemes-iconbox-inner cmt-icontype-icon\">\n\t\t<div class=\"cmt-iconbox-wrapper cmt-section-wrapper\">\n\t\t\t<div class=\"cymolthemes-iconbox-icon cmt-section-wrapper-cell\">\n\t\t\t<div class=\"cmt-box-icon\"><i class=\"\"><\/i><\/div>\t\t\t<\/div>\n\t\t\t<div class=\"cymolthemes-iconbox-heading cmt-section-wrapper-cell\">\n\t\t\t\t<h2 class=\"cmt-custom-heading\">\n\t\t\t\t\t\n\t\t\t\t\t\t04 - G\u0142adzie i szpachlowanie\n\t\t\t\t\t\n\t\t\t\t\t<\/h2>\n\t\t\t\t\t\t\t\t\t\t\t\t<div class=\"cmt-cta3-content-wrapper\">Wykonywanie g\u0142adzi i szpachli jako baza pod malowanie lub tapety. G\u0142adkie \u015bciany gotowe do dalszych prac wyko\u0144czeniowych.<\/div>\t\t\t\t\t\t\t<\/div>\t\n\t\t<\/div>\n\t<\/div>\t\n\n<\/div>\n\t\t\t\t<\/div>\n\t\t\t\t<\/div>\n\t\t\t\t\t<\/div>\n\t\t<\/div>\n\t\t\t\t\t<\/div>\n\t\t<\/section>\n\t\t\t\t<\/div>\n\t\t","protected":false},"excerpt":{"rendered":"<p>oferta Zapoznaj si\u0119 z Nasz\u0105 ofert\u0105: Od ma\u0142ych mieszka\u0144 po du\u017ce inwestycje \u2013 realizujemy prace wyko\u0144czeniowe z pe\u0142nym zaanga\u017cowaniem, precyzj\u0105 i terminowo\u015bci\u0105. Korzystamy ze sprawdzonych materia\u0142\u00f3w i dzia\u0142amy z do\u015bwiadczon\u0105 ekip\u0105. Sprawd\u017a, co mo\u017cemy dla Ciebie zrobi\u0107: 01- Malowanie wn\u0119trz Precyzyjne malowanie \u015bcian i sufit\u00f3w w mieszkaniach, domach, lokalach i halach. Doradzamy w doborze farb &hellip; <a href=\"https:\/\/remomal.pl\/index.php\/services-1\/\" class=\"more-link\">Continue reading <span class=\"screen-reader-text\">Oferta<\/span><\/a><\/p>\n","protected":false},"author":1,"featured_media":0,"parent":0,"menu_order":7,"comment_status":"closed","ping_status":"closed","template":"","meta":{"footnotes":""},"class_list":["post-680","page","type-page","status-publish","hentry"],"_links":{"self":[{"href":"https:\/\/remomal.pl\/index.php\/wp-json\/wp\/v2\/pages\/680","targetHints":{"allow":["GET"]}}],"collection":[{"href":"https:\/\/remomal.pl\/index.php\/wp-json\/wp\/v2\/pages"}],"about":[{"href":"https:\/\/remomal.pl\/index.php\/wp-json\/wp\/v2\/types\/page"}],"author":[{"embeddable":true,"href":"https:\/\/remomal.pl\/index.php\/wp-json\/wp\/v2\/users\/1"}],"replies":[{"embeddable":true,"href":"https:\/\/remomal.pl\/index.php\/wp-json\/wp\/v2\/comments?post=680"}],"version-history":[{"count":19,"href":"https:\/\/remomal.pl\/index.php\/wp-json\/wp\/v2\/pages\/680\/revisions"}],"predecessor-version":[{"id":3358,"href":"https:\/\/remomal.pl\/index.php\/wp-json\/wp\/v2\/pages\/680\/revisions\/3358"}],"wp:attachment":[{"href":"https:\/\/remomal.pl\/index.php\/wp-json\/wp\/v2\/media?parent=680"}],"curies":[{"name":"wp","href":"https:\/\/api.w.org\/{rel}","templated":true}]}}